{"id":1448,"date":"2014-01-13T23:35:17","date_gmt":"2014-01-13T22:35:17","guid":{"rendered":"http:\/\/djforever.se\/?page_id=1448"},"modified":"2025-08-07T11:24:32","modified_gmt":"2025-08-07T09:24:32","slug":"om-robbin-forever","status":"publish","type":"page","link":"http:\/\/djforever.se\/?page_id=1448","title":{"rendered":"Robbin Andersson Forever"},"content":{"rendered":"<h2><span style=\"color: #000000;\">Robbin Andersson FOREVER var namnet och \u00e4r uppv\u00e4xt ifr\u00e5n lilla staden Alings\u00e5s. Jag Jobbar inom uthyrning av min musik-utrustning till olika sorters typ av event\/evenemang som T.ex. Skoldisco f\u00f6r l\u00e5gstadiet, sm\u00e5\/stora discon f\u00f6r typ mellan\/h\u00f6gstadiet,gymnasiet samt har ocks\u00e5 \u00e4ven jobbat p\u00e5 festivaler plus \u00e4ven olika sm\u00e5\/stora cup discon &amp; halloween\/lussefest men \u00e4ven lite finare tillf\u00e4llen som exempel Br\u00f6llop,kr\u00e4ftskiva,F\u00f6delsedag kalas,studentfester,studentflak,skolavslutningar,skolbaler plus \u00e4ven lite som ljud &amp; ljus tekniker p\u00e5 olika klubbar.<\/span><\/h2>\n<h2><span style=\"color: #000000;\">F\u00f6r att g\u00f6ra det enkelt f\u00f6r kunden s\u00e5 har jag f\u00e4rdiga uthyrning paketl\u00f6sningar som kan \u00e4ven ordna med transporter av utrustningen. Allt ifr\u00e5n den minsta Paket upp till den st\u00f6rsta paket f\u00f6r den plats som ni skulle beh\u00f6vas.<\/span><\/h2>\n<h2><span style=\"color: #000000;\">Mitt m\u00e5l inom uthyrning \u00e4r ju sj\u00e4lvklart att ni som kund\/arrang\u00f6rer ska vara n\u00f6jda! och h\u00f6ras av sig igen till flera tillf\u00e4llen d\u00e4r jag kan hj\u00e4lpa till med tekniska utrustningen plus f\u00e4rdiga paketl\u00f6sningar.<\/span><\/h2>\n<h2><span style=\"color: #000000;\">F\u00f6r er som kund\/arrang\u00f6rer s\u00e5 L\u00e5ter jag som leverant\u00f6r med ljud-ljus-r\u00f6k-laser-specialeffekter &amp; musiken efter alla olika sorters event,teman eller \u00f6nskem\u00e5l till er f\u00f6r perfekta l\u00f6sningen s\u00e5 l\u00e4gg den tiden till mig f\u00f6r de perfekta resultatet f\u00f6r helheten \u00e4r ju s\u00e5 klart att de blir en lyckad kv\u00e4ll med bra musik plus mycket folk.<\/span><\/h2>\n<p><a href=\"http:\/\/djforever.se\/wp-content\/uploads\/2018\/08\/Robbin-Forever-2019.jpg\"><img decoding=\"async\" loading=\"lazy\" class=\"alignleft size-full wp-image-4097\" src=\"http:\/\/djforever.se\/wp-content\/uploads\/2018\/08\/Robbin-Forever-2019.jpg\" alt=\"\" width=\"2320\" height=\"3088\" srcset=\"http:\/\/djforever.se\/wp-content\/uploads\/2018\/08\/Robbin-Forever-2019.jpg 2320w, http:\/\/djforever.se\/wp-content\/uploads\/2018\/08\/Robbin-Forever-2019-225x300.jpg 225w, http:\/\/djforever.se\/wp-content\/uploads\/2018\/08\/Robbin-Forever-2019-768x1022.jpg 768w, http:\/\/djforever.se\/wp-content\/uploads\/2018\/08\/Robbin-Forever-2019-769x1024.jpg 769w\" sizes=\"(max-width: 2320px) 100vw, 2320px\" \/><\/a><\/p>\n","protected":false},"excerpt":{"rendered":"<p>Robbin Andersson FOREVER var namnet och \u00e4r uppv\u00e4xt ifr\u00e5n lilla staden Alings\u00e5s. Jag Jobbar inom uthyrning av min musik-utrustning till olika sorters typ av event\/evenemang som T.ex. Skoldisco f\u00f6r l\u00e5gstadiet, sm\u00e5\/stora discon f\u00f6r typ mellan\/h\u00f6gstadiet,gymnasiet samt har ocks\u00e5 \u00e4ven jobbat &hellip; <a href=\"http:\/\/djforever.se\/?page_id=1448\">Continue reading <span class=\"meta-nav\">&rarr;<\/span><\/a><\/p>\n","protected":false},"author":1,"featured_media":0,"parent":0,"menu_order":0,"comment_status":"open","ping_status":"closed","template":"","meta":[],"_links":{"self":[{"href":"http:\/\/djforever.se\/index.php?rest_route=\/wp\/v2\/pages\/1448"}],"collection":[{"href":"http:\/\/djforever.se\/index.php?rest_route=\/wp\/v2\/pages"}],"about":[{"href":"http:\/\/djforever.se\/index.php?rest_route=\/wp\/v2\/types\/page"}],"author":[{"embeddable":true,"href":"http:\/\/djforever.se\/index.php?rest_route=\/wp\/v2\/users\/1"}],"replies":[{"embeddable":true,"href":"http:\/\/djforever.se\/index.php?rest_route=%2Fwp%2Fv2%2Fcomments&post=1448"}],"version-history":[{"count":67,"href":"http:\/\/djforever.se\/index.php?rest_route=\/wp\/v2\/pages\/1448\/revisions"}],"predecessor-version":[{"id":4669,"href":"http:\/\/djforever.se\/index.php?rest_route=\/wp\/v2\/pages\/1448\/revisions\/4669"}],"wp:attachment":[{"href":"http:\/\/djforever.se\/index.php?rest_route=%2Fwp%2Fv2%2Fmedia&parent=1448"}],"curies":[{"name":"wp","href":"https:\/\/api.w.org\/{rel}","templated":true}]}}