{"id":1633,"date":"2014-02-04T22:43:55","date_gmt":"2014-02-04T21:43:55","guid":{"rendered":"http:\/\/djforever.se\/?page_id=1633"},"modified":"2025-01-10T10:14:38","modified_gmt":"2025-01-10T09:14:38","slug":"party-paket-8","status":"publish","type":"page","link":"http:\/\/djforever.se\/?page_id=1633","title":{"rendered":"Party-Paket 8"},"content":{"rendered":"<h1 style=\"text-align: left;\"><span style=\"text-decoration: none; color: #000000;\"><span style=\"font-family: Times New Roman,serif;\"><span style=\"font-size: large;\">Absolute St\u00f6rsta uthyrning-Paket 2 # 8 # <span style=\"font-family: Times New Roman,serif;\">( 3<\/span>000 Personer )<\/span><\/span><\/span><\/h1>\n<h3><span style=\"color: #000000;\">H\u00e4ftigaste ljudsystem &amp; coolt ljus-show kan denna absoluta st\u00f6rsta paket perfekt till v\u00e4ldig stora cupdisco-festivaldisco eller varf\u00f6r inte club nordic disco plus lite finare typ som st\u00f6rre skolavslutning-skolbal-studentfest i en stor Arena samt kr\u00e4ver ocks\u00e5 2 16a 3 fas uttag.<\/span><\/h3>\n<p><span style=\"color: #000000;\"><img decoding=\"async\" loading=\"lazy\" class=\"alignright wp-image-3011 size-thumbnail\" src=\"http:\/\/djforever.se\/wp-content\/uploads\/2014\/02\/DSC_0014-150x150.jpg\" alt=\"DSC_0014\" width=\"150\" height=\"150\" \/><\/span><\/p>\n<h2><span style=\"text-decoration: none; color: #000000;\"><span style=\"font-family: Times New Roman,serif;\"><span style=\"font-size: large;\">Inneh\u00e5ller<\/span><\/span><\/span><\/h2>\n<h2 style=\"margin-top: 0cm; margin-bottom: 0cm; text-decoration: none;\"><span style=\"font-family: Times New Roman,serif; color: #000000;\"><span style=\"font-size: large;\">Ljud Uthyrning pris: 5000 Kr\/dag <\/span><\/span><\/h2>\n<h2>8\u00d78 St Aktiva db technologies dva T8 Line array ( H\u00e4ngande Toppar )<\/h2>\n<h2>2 St TL-A220 towerlift f\u00f6r Lina array<\/h2>\n<h2>2 St DRK-10 \u2013 Fly Bar<\/h2>\n<h2>6 St Aktiva db technologies DVA S30n ( Dubbla 18 Subwoofer Basar )<\/h2>\n<h2>1 St DJ Cd Case med Pioneer cdj nexus &amp; mixer Utrustning<\/h2>\n<h2>1 St Tr\u00e5dl\u00f6s Mikrofon<\/h2>\n<h2>1 St Mikrofon med XLR Kabel 3-5m<\/h2>\n<h2><span style=\"text-decoration: none; color: #000000;\"><span style=\"font-family: Times New Roman,serif;\"><span style=\"font-size: large;\">Ljus: <\/span><\/span><\/span><\/h2>\n<h2><span style=\"color: #000000;\">2 St Vmb Towerlift Te 071 med 12m Truss<\/span><\/h2>\n<h1><span style=\"color: #000000;\">Specialeffekter:<\/span><\/h1>\n<h2><span style=\"color: #000000;\">4 St Powershot med styrning fr\u00e5n magic fx plus konfettir\u00f6r 80 Cm i flerf\u00e4rgat men finns ocks\u00e5 \u00e4ven i guld &amp; silver<\/span><\/h2>\n<h2>2 St Atomic Strobe 3000 W Med Dmx Strobe Ignitor Controller<\/h2>\n<h2>1 St Antari Fazer 310 Pro R\u00f6kmaskin samt v\u00e4tska<\/h2>\n<h2 align=\"CENTER\">Ing\u00e5r \u00e4ven all kablage samt\u00a0 Montering\/demontering<\/h2>\n<h2><span style=\"font-family: Times New Roman,serif; color: #000000;\"><span style=\"font-size: large;\">All uthyrning av Ljud &amp; Ljus transporterar l\u00e4tt &amp; smidigt i specialbyggda casar som ligger ocks\u00e5 S\u00c4KERT i en stor sk\u00e5psl\u00e4pk\u00e4rra men \u00e4r de s\u00e5 att n\u00e5got i ljud &amp; ljus grejerna skulle g\u00e5 s\u00f6nder under kv\u00e4llen\u00b4s g\u00e5ng eller under transporten till st\u00e4llet s\u00e5 f\u00e5r ni sj\u00e4lvklart ers\u00e4ttning f\u00f6r de.<br \/>\n<\/span><\/span><\/h2>\n<p><img decoding=\"async\" loading=\"lazy\" class=\"alignleft size-full wp-image-4277\" src=\"http:\/\/djforever.se\/wp-content\/uploads\/2019\/01\/106801_Front_FO_P_PR_CE100035_hog_001.png\" alt=\"\" width=\"1592\" height=\"1200\" srcset=\"http:\/\/djforever.se\/wp-content\/uploads\/2019\/01\/106801_Front_FO_P_PR_CE100035_hog_001.png 1592w, http:\/\/djforever.se\/wp-content\/uploads\/2019\/01\/106801_Front_FO_P_PR_CE100035_hog_001-300x226.png 300w, http:\/\/djforever.se\/wp-content\/uploads\/2019\/01\/106801_Front_FO_P_PR_CE100035_hog_001-768x579.png 768w, http:\/\/djforever.se\/wp-content\/uploads\/2019\/01\/106801_Front_FO_P_PR_CE100035_hog_001-1024x772.png 1024w\" sizes=\"(max-width: 1592px) 100vw, 1592px\" \/><\/p>\n<h2 style=\"text-align: center;\">Hyra stor Sl\u00e4pk\u00e4rra inkl l\u00e5s Pris:300 Kr<\/h2>\n<h2><span style=\"font-family: Times New Roman,serif; color: #000000;\"><span style=\"font-size: large;\">\u00d6vrigt tillval:<\/span><\/span><\/h2>\n<h2><span style=\"font-family: Times New Roman,serif; color: #000000;\"><span style=\"font-size: large;\">500 kr\/Extra timme speltid eller uthyrning dag <\/span><\/span><\/h2>\n<h2><span style=\"color: #000000;\"><strong><span style=\"text-decoration: none;\"><span style=\"font-family: Times New Roman,serif;\"><span style=\"font-size: large;\">1 St Ljud-\u00d6ra ( H\u00f6g-Volym ) + 100 Kr ( Denna Rekommendera jag s\u00e5 ni inte f\u00e5r ont i \u00f6ronen )<\/span><\/span><\/span><\/strong><\/span><\/h2>\n","protected":false},"excerpt":{"rendered":"<p>Absolute St\u00f6rsta uthyrning-Paket 2 # 8 # ( 3000 Personer ) H\u00e4ftigaste ljudsystem &amp; coolt ljus-show kan denna absoluta st\u00f6rsta paket perfekt till v\u00e4ldig stora cupdisco-festivaldisco eller varf\u00f6r inte club nordic disco plus lite finare typ som st\u00f6rre skolavslutning-skolbal-studentfest i &hellip; <a href=\"http:\/\/djforever.se\/?page_id=1633\">Continue reading <span class=\"meta-nav\">&rarr;<\/span><\/a><\/p>\n","protected":false},"author":1,"featured_media":0,"parent":0,"menu_order":0,"comment_status":"open","ping_status":"closed","template":"","meta":[],"_links":{"self":[{"href":"http:\/\/djforever.se\/index.php?rest_route=\/wp\/v2\/pages\/1633"}],"collection":[{"href":"http:\/\/djforever.se\/index.php?rest_route=\/wp\/v2\/pages"}],"about":[{"href":"http:\/\/djforever.se\/index.php?rest_route=\/wp\/v2\/types\/page"}],"author":[{"embeddable":true,"href":"http:\/\/djforever.se\/index.php?rest_route=\/wp\/v2\/users\/1"}],"replies":[{"embeddable":true,"href":"http:\/\/djforever.se\/index.php?rest_route=%2Fwp%2Fv2%2Fcomments&post=1633"}],"version-history":[{"count":54,"href":"http:\/\/djforever.se\/index.php?rest_route=\/wp\/v2\/pages\/1633\/revisions"}],"predecessor-version":[{"id":4668,"href":"http:\/\/djforever.se\/index.php?rest_route=\/wp\/v2\/pages\/1633\/revisions\/4668"}],"wp:attachment":[{"href":"http:\/\/djforever.se\/index.php?rest_route=%2Fwp%2Fv2%2Fmedia&parent=1633"}],"curies":[{"name":"wp","href":"https:\/\/api.w.org\/{rel}","templated":true}]}}