{"id":3659,"date":"2016-01-24T12:08:26","date_gmt":"2016-01-24T11:08:26","guid":{"rendered":"http:\/\/djforever.se\/?page_id=3659"},"modified":"2020-12-14T22:43:14","modified_gmt":"2020-12-14T21:43:14","slug":"startsidan","status":"publish","type":"page","link":"https:\/\/djforever.se\/","title":{"rendered":"Startsidan"},"content":{"rendered":"<h1 style=\"text-align: center;\"><\/h1>\n<p><img decoding=\"async\" loading=\"lazy\" class=\"alignleft size-full wp-image-4380\" src=\"http:\/\/djforever.se\/wp-content\/uploads\/2019\/08\/Forevers-Ljud-Ljus-Uthyrning-2.jpg\" alt=\"\" width=\"1280\" height=\"720\" srcset=\"https:\/\/djforever.se\/wp-content\/uploads\/2019\/08\/Forevers-Ljud-Ljus-Uthyrning-2.jpg 1280w, https:\/\/djforever.se\/wp-content\/uploads\/2019\/08\/Forevers-Ljud-Ljus-Uthyrning-2-300x169.jpg 300w, https:\/\/djforever.se\/wp-content\/uploads\/2019\/08\/Forevers-Ljud-Ljus-Uthyrning-2-768x432.jpg 768w, https:\/\/djforever.se\/wp-content\/uploads\/2019\/08\/Forevers-Ljud-Ljus-Uthyrning-2-1024x576.jpg 1024w\" sizes=\"(max-width: 1280px) 100vw, 1280px\" \/><\/p>\n<h1 style=\"text-align: center;\"><span style=\"color: #000000;\">V\u00e4lkommen till <\/span>FOREVERS Officiella Musik-Ljud-Ljus-Uthyrning-N\u00f6jes sida AB ,H<span style=\"color: #000000;\">\u00e4r hittar ni all info om mig till ett lyckat evenemang! exempelvis hur man g\u00f6r en Grym Uthyrnings <\/span><span style=\"color: #ffffff;\"><span style=\"color: #000000;\">bokning av min utrustning, hitta r\u00e4tt Prisf\u00f6rslag eller Paketl\u00f6sning,Media &amp; Kontakt uppgifter.<\/span> \u00a0<\/span><\/h1>\n<h2 style=\"text-align: center;\">&#8221;Sista pusselbitarna \u00e4r snart p\u00e5 plats p\u00e5 hela Officiella Hemsidan startsida och Paketl\u00f6sningar\/Uthyrning av ljud &amp; ljus sidan&#8221; fortfarande under uppbyggnad s\u00e5 snart \u00e4r allting klart!<\/h2>\n<h1 style=\"text-align: center;\">Ljud &amp; Ljus UTHYRNINGS ERBJUDANDE 1-2!<\/h1>\n<p style=\"text-align: center;\"><a href=\"http:\/\/djforever.se\/wp-content\/uploads\/2018\/08\/New-Dj-Forever-Erbjudande-1.jpg\"><img decoding=\"async\" loading=\"lazy\" class=\"alignleft size-full wp-image-4175\" src=\"http:\/\/djforever.se\/wp-content\/uploads\/2018\/08\/New-Dj-Forever-Erbjudande-1.jpg\" alt=\"\" width=\"1024\" height=\"768\" srcset=\"https:\/\/djforever.se\/wp-content\/uploads\/2018\/08\/New-Dj-Forever-Erbjudande-1.jpg 1024w, https:\/\/djforever.se\/wp-content\/uploads\/2018\/08\/New-Dj-Forever-Erbjudande-1-300x225.jpg 300w, https:\/\/djforever.se\/wp-content\/uploads\/2018\/08\/New-Dj-Forever-Erbjudande-1-768x576.jpg 768w\" sizes=\"(max-width: 1024px) 100vw, 1024px\" \/><\/a><\/p>\n<h2 style=\"text-align: center;\"><a href=\"http:\/\/djforever.se\/wp-content\/uploads\/2018\/08\/New-Dj-Forever-Erbjudande-2.jpg\"><img decoding=\"async\" loading=\"lazy\" class=\"alignleft size-full wp-image-4171\" src=\"http:\/\/djforever.se\/wp-content\/uploads\/2018\/08\/New-Dj-Forever-Erbjudande-2.jpg\" alt=\"\" width=\"1024\" height=\"768\" srcset=\"https:\/\/djforever.se\/wp-content\/uploads\/2018\/08\/New-Dj-Forever-Erbjudande-2.jpg 1024w, https:\/\/djforever.se\/wp-content\/uploads\/2018\/08\/New-Dj-Forever-Erbjudande-2-300x225.jpg 300w, https:\/\/djforever.se\/wp-content\/uploads\/2018\/08\/New-Dj-Forever-Erbjudande-2-768x576.jpg 768w\" sizes=\"(max-width: 1024px) 100vw, 1024px\" \/><\/a><\/h2>\n<h2 style=\"text-align: center;\"><\/h2>\n<h2 style=\"text-align: center;\"><\/h2>\n<h2 style=\"text-align: center;\"><\/h2>\n<h2 style=\"text-align: center;\"><\/h2>\n<p style=\"text-align: center;\">\n<p style=\"text-align: center;\">\n<h3 style=\"text-align: center;\"><span style=\"color: #000000;\">Ni kan enkelt hyra min musik utrustning f\u00f6r sm\u00e5 till stora och prisv\u00e4rda paketl\u00f6sningar vilket g\u00f6r att det underl\u00e4ttar f\u00f6r dig som kund\/arrang\u00f6r att utf\u00f6ra ert evenemang. Sedan starten 2001 har jag gjort en massa &#8221;<a href=\"http:\/\/djforever.se\/?page_id=1394\">Uthyrningar<\/a>&#8221; vilket ni kan se p\u00e5 l\u00e4nken &#8221;<span style=\"text-decoration: underline;\"><a href=\"http:\/\/djforever.se\/?page_id=3651\">Evenemang\/Referenser<\/a> samt <a href=\"http:\/\/djforever.se\/?page_id=1376\">bilder<\/a>&#8221;<\/span> s\u00e5 kika in d\u00e4r och l\u00e4s plus Har under mina 20 \u00e5rs erfarenhet i n\u00f6jesbranschen tillsammans med alla partners funderat p\u00e5 vad jag vill med min Karri\u00e4r inom Uthyrning och det \u00e4r att hj\u00e4lpa till med all Ljud-Ljus-R\u00f6k-Laser-Specialeffekter samt \u00f6vrig teknik till otroligt l\u00e5ga priser f\u00f6r en lyckad kv\u00e4ll.<\/span><\/h3>\n<h1 style=\"text-align: center;\"><span style=\"color: #000000;\">Hur blev du en grym\/b\u00e4st p\u00e5 att hyra ut din musik utrustning?<\/span><\/h1>\n<h3 style=\"text-align: center;\"><span style=\"color: #000000;\">Liten ber\u00e4ttelse hur min resa blev till en popul\u00e4r inom uthyrning utrustningen, Klicka p\u00e5 l\u00e4nken som heter <span style=\"text-decoration: underline;\">&#8221;<a href=\"http:\/\/djforever.se\/?page_id=1448\">Robbin FOREVER<\/a>&#8221;<\/span> &amp; l\u00e4s om ni k\u00e4nner lite tveksam f\u00f6r en uthyrning bokning.<span style=\"text-decoration: underline;\"><br \/>\n<\/span><\/span><\/h3>\n<h1 style=\"text-align: center;\"><span style=\"color: #000000;\">Hur anlitar man Robbin Forever?<\/span><\/h1>\n<h3 style=\"text-align: center;\"><span style=\"color: #000000;\">Har ni ide hur ert projekt evenemang ska bli en toppen kv\u00e4ll och G\u00f6ra en uthyrning bokning tillsammans med min hj\u00e4lp, Klicka p\u00e5 l\u00e4nken som heter <span style=\"text-decoration: underline;\">\u201d<a href=\"http:\/\/djforever.se\/?page_id=395\">Kontakt<\/a>\u201d<\/span><\/span><\/h3>\n<h1 style=\"text-align: center;\"><span style=\"color: #000000;\">Hur mycket kostar de att Hyra ut din Musik-Ljud-Ljus-utrustning?<\/span><\/h1>\n<h3 style=\"text-align: center;\"><span style=\"color: #000000;\">Priserna varierar beroende hur litet eller hur stort evenemanget ni hade t\u00e4nkt \u00e5 ha s\u00e5 laddar skolan\/gymnasiet upp 2020 fetaste evenemang s\u00e5 missa absolute inte all erbjudande, Klicka p\u00e5 l\u00e4nken som heter &#8221;<a href=\"http:\/\/djforever.se\/?page_id=1394\"><span style=\"text-decoration: underline;\">Uthyrningspaket<\/span><\/a>&#8221;eller varf\u00f6r inte Hitta grymt studentljud till ert lastbil flak, Klicka p\u00e5 l\u00e4nken som heter <\/span><span style=\"text-decoration: underline; color: #000000;\">&#8221;<a href=\"http:\/\/djforever.se\/?page_id=2642\">Studenten<\/a>\u201d<\/span><\/h3>\n<h1 style=\"text-align: center;\"><span style=\"color: #000000;\">Kommentera!<\/span><\/h1>\n<h3 style=\"text-align: center;\"><span style=\"color: #000000;\">L\u00e4ngre ner finner ni ocks\u00e5 d\u00e4r man kan l\u00e4mna en kommentar vad ni tycker hur kv\u00e4llen blev plus hur ni tyckte om uthyrningen av min utrustning samt hemsidan, vad tycker ni eller har lite andra fr\u00e5gor s\u00e5 ska Jag f\u00f6rs\u00f6ka l\u00e4sa alla snarast och besvarar normalt innan veckan \u00e4r slut.<\/span><\/h3>\n","protected":false},"excerpt":{"rendered":"<p>V\u00e4lkommen till FOREVERS Officiella Musik-Ljud-Ljus-Uthyrning-N\u00f6jes sida AB ,H\u00e4r hittar ni all info om mig till ett lyckat evenemang! exempelvis hur man g\u00f6r en Grym Uthyrnings bokning av min utrustning, hitta r\u00e4tt Prisf\u00f6rslag eller Paketl\u00f6sning,Media &amp; Kontakt uppgifter. \u00a0 &#8221;Sista pusselbitarna &hellip; <a href=\"https:\/\/djforever.se\/\">Continue reading <span class=\"meta-nav\">&rarr;<\/span><\/a><\/p>\n","protected":false},"author":1,"featured_media":0,"parent":0,"menu_order":0,"comment_status":"open","ping_status":"closed","template":"","meta":[],"_links":{"self":[{"href":"https:\/\/djforever.se\/index.php?rest_route=\/wp\/v2\/pages\/3659"}],"collection":[{"href":"https:\/\/djforever.se\/index.php?rest_route=\/wp\/v2\/pages"}],"about":[{"href":"https:\/\/djforever.se\/index.php?rest_route=\/wp\/v2\/types\/page"}],"author":[{"embeddable":true,"href":"https:\/\/djforever.se\/index.php?rest_route=\/wp\/v2\/users\/1"}],"replies":[{"embeddable":true,"href":"https:\/\/djforever.se\/index.php?rest_route=%2Fwp%2Fv2%2Fcomments&post=3659"}],"version-history":[{"count":115,"href":"https:\/\/djforever.se\/index.php?rest_route=\/wp\/v2\/pages\/3659\/revisions"}],"predecessor-version":[{"id":4521,"href":"https:\/\/djforever.se\/index.php?rest_route=\/wp\/v2\/pages\/3659\/revisions\/4521"}],"wp:attachment":[{"href":"https:\/\/djforever.se\/index.php?rest_route=%2Fwp%2Fv2%2Fmedia&parent=3659"}],"curies":[{"name":"wp","href":"https:\/\/api.w.org\/{rel}","templated":true}]}}