{"id":395,"date":"2011-02-18T19:12:51","date_gmt":"2011-02-18T18:12:51","guid":{"rendered":"http:\/\/djforever.se\/?page_id=395"},"modified":"2025-01-09T21:08:02","modified_gmt":"2025-01-09T20:08:02","slug":"kontakt","status":"publish","type":"page","link":"https:\/\/djforever.se\/?page_id=395","title":{"rendered":"Kontakt"},"content":{"rendered":"<h1 style=\"text-align: center;\"><span style=\"color: #000000;\">Varmt v\u00e4lkommen till Robbin Andersson Forever med er f\u00f6rfr\u00e5gan och hur ni vill ha d\u00e4r r\u00e4tt pris eller storleken p\u00e5 utrustningen passar till ett lyckad evenemang s\u00e5 TVEKA ABSOLUTE INTE UTAN RING P\u00c5<\/span><\/h1>\n<h1 style=\"text-align: center;\"><span style=\"color: #000000;\">TEL: 0737042037<\/span><\/h1>\n<h2 style=\"text-align: center;\"><span style=\"color: #000000;\">\u00a0Mejladress: Robbin_Andersson4@hotmail.com f\u00f6r fr\u00e5gor och bokningar, Skriv g\u00e4rna i \u00e4mnesraden vad f\u00f6r typ av evenemang ni har t\u00e4nkt er samt jag besvarar mail normalt inom 4 dagar.<\/span><\/h2>\n<p><a href=\"http:\/\/djforever.se\/wp-content\/uploads\/2019\/08\/Forevers-Ljud-Ljus-Uthyrning-2.jpg\"><img decoding=\"async\" loading=\"lazy\" class=\"alignleft size-full wp-image-4380\" src=\"http:\/\/djforever.se\/wp-content\/uploads\/2019\/08\/Forevers-Ljud-Ljus-Uthyrning-2.jpg\" alt=\"\" width=\"1280\" height=\"720\" srcset=\"https:\/\/djforever.se\/wp-content\/uploads\/2019\/08\/Forevers-Ljud-Ljus-Uthyrning-2.jpg 1280w, https:\/\/djforever.se\/wp-content\/uploads\/2019\/08\/Forevers-Ljud-Ljus-Uthyrning-2-300x169.jpg 300w, https:\/\/djforever.se\/wp-content\/uploads\/2019\/08\/Forevers-Ljud-Ljus-Uthyrning-2-768x432.jpg 768w, https:\/\/djforever.se\/wp-content\/uploads\/2019\/08\/Forevers-Ljud-Ljus-Uthyrning-2-1024x576.jpg 1024w\" sizes=\"(max-width: 1280px) 100vw, 1280px\" \/><\/a><\/p>\n<h1 style=\"text-align: center;\"><\/h1>\n<h1 style=\"text-align: center;\"><span style=\"color: #000000;\">\u00a0<\/span><\/h1>\n","protected":false},"excerpt":{"rendered":"<p>Varmt v\u00e4lkommen till Robbin Andersson Forever med er f\u00f6rfr\u00e5gan och hur ni vill ha d\u00e4r r\u00e4tt pris eller storleken p\u00e5 utrustningen passar till ett lyckad evenemang s\u00e5 TVEKA ABSOLUTE INTE UTAN RING P\u00c5 TEL: 0737042037 \u00a0Mejladress: Robbin_Andersson4@hotmail.com f\u00f6r fr\u00e5gor och &hellip; <a href=\"https:\/\/djforever.se\/?page_id=395\">Continue reading <span class=\"meta-nav\">&rarr;<\/span><\/a><\/p>\n","protected":false},"author":1,"featured_media":0,"parent":0,"menu_order":0,"comment_status":"closed","ping_status":"closed","template":"","meta":[],"_links":{"self":[{"href":"https:\/\/djforever.se\/index.php?rest_route=\/wp\/v2\/pages\/395"}],"collection":[{"href":"https:\/\/djforever.se\/index.php?rest_route=\/wp\/v2\/pages"}],"about":[{"href":"https:\/\/djforever.se\/index.php?rest_route=\/wp\/v2\/types\/page"}],"author":[{"embeddable":true,"href":"https:\/\/djforever.se\/index.php?rest_route=\/wp\/v2\/users\/1"}],"replies":[{"embeddable":true,"href":"https:\/\/djforever.se\/index.php?rest_route=%2Fwp%2Fv2%2Fcomments&post=395"}],"version-history":[{"count":423,"href":"https:\/\/djforever.se\/index.php?rest_route=\/wp\/v2\/pages\/395\/revisions"}],"predecessor-version":[{"id":4645,"href":"https:\/\/djforever.se\/index.php?rest_route=\/wp\/v2\/pages\/395\/revisions\/4645"}],"wp:attachment":[{"href":"https:\/\/djforever.se\/index.php?rest_route=%2Fwp%2Fv2%2Fmedia&parent=395"}],"curies":[{"name":"wp","href":"https:\/\/api.w.org\/{rel}","templated":true}]}}